{"id":11,"date":"2025-01-10T16:03:16","date_gmt":"2025-01-10T16:03:16","guid":{"rendered":"https:\/\/futuredad.de\/?page_id=11"},"modified":"2025-01-10T16:03:16","modified_gmt":"2025-01-10T16:03:16","slug":"uber-mich","status":"publish","type":"page","link":"https:\/\/futuredad.de\/?page_id=11","title":{"rendered":"\u00dcber Mich"},"content":{"rendered":"\n<figure class=\"wp-block-image size-large\"><img loading=\"lazy\" decoding=\"async\" width=\"1024\" height=\"768\" src=\"https:\/\/futuredad.de\/wp-content\/uploads\/2025\/01\/IMG-20240702-WA0012-1024x768.jpg\" alt=\"\" class=\"wp-image-12\" srcset=\"https:\/\/futuredad.de\/wp-content\/uploads\/2025\/01\/IMG-20240702-WA0012-1024x768.jpg 1024w, https:\/\/futuredad.de\/wp-content\/uploads\/2025\/01\/IMG-20240702-WA0012-300x225.jpg 300w, https:\/\/futuredad.de\/wp-content\/uploads\/2025\/01\/IMG-20240702-WA0012-768x576.jpg 768w, https:\/\/futuredad.de\/wp-content\/uploads\/2025\/01\/IMG-20240702-WA0012-1536x1152.jpg 1536w, https:\/\/futuredad.de\/wp-content\/uploads\/2025\/01\/IMG-20240702-WA0012-850x638.jpg 850w, https:\/\/futuredad.de\/wp-content\/uploads\/2025\/01\/IMG-20240702-WA0012.jpg 2048w\" sizes=\"auto, (max-width: 1024px) 100vw, 1024px\" \/><\/figure>\n\n\n\n<h2 class=\"wp-block-heading\">Hey ich bin Georg<\/h2>\n\n\n\n<p>Hallo und willkommen auf meinem Blog! Mein Name ist Georg, ich bin seit einem Jahr verheiratet und stehe vor einem der gr\u00f6\u00dften Abenteuer meines Lebens: Meine Frau und ich erwarten bald unseren ersten Sohn. Mit diesem Blog m\u00f6chte ich einen Einblick in mein Leben und meine Leidenschaften geben &#8211; und vielleicht den einen oder anderen inspirieren. Beruflich bin ich Informatiker, aber in meiner Freizeit bin ich gerne kreativ und aktiv. Ich koche sehr gerne und finde es immer wieder faszinierend, wie man aus einfachen Zutaten etwas Magisches zaubern kann. Besonders begeistern mich technische K\u00fcchenhelfer, die das Leben leichter machen, aber auch die Herausforderung, ganz klassisch mit einfachen Mitteln zu arbeiten.<\/p>\n\n\n\n<p>Neben dem Kochen spielt Sport eine gro\u00dfe Rolle in meinem Leben. Wenn ich nicht in der K\u00fcche stehe, findet man mich wahrscheinlich beim Bouldern oder Klettern. Ich sch\u00e4tze die Balance zwischen k\u00f6rperlicher Herausforderung und geistiger Ruhe, die diese Sportarten mit sich bringen. Ab und zu tausche ich meine Kletterschuhe gegen ein Skateboard und genie\u00dfe die Freiheit, ein paar Runden auf Asphalt zu drehen. Im Sommer packe ich mein Gravel-Bike und mache mich auf zu kleinen Abenteuern. Meinen Urlaub verbringe ich am liebsten in Europa &#8211; oft mit Zelt und Schlafsack oder mit meiner Frau in Ferienwohnungen. Es sind diese Momente in der Natur und im Urlaub, die mir immer wieder Energie und Inspiration f\u00fcr den Alltag geben.<\/p>\n\n\n\n<p>Ich habe diesen Blog ins Leben gerufen, um meine Leidenschaften und meinen Alltag mit anderen zu teilen. Als werdender Vater und Technik-Freak habe ich es mir zur Aufgabe gemacht, mein Zuhause und meine Hobbys so effizient, smart und trotzdem gem\u00fctlich wie m\u00f6glich zu gestalten. Sei es mit hilfreichen Gadgets, die den Alltag erleichtern, oder mit einfachen Ideen, die mehr Lebensqualit\u00e4t bringen. Hier schreibe ich \u00fcber das, was mir wichtig ist: Kochen, Bewegung, Reisen und ein Zuhause schaffen, das funktional ist und in dem man sich wohlf\u00fchlt. Wer sich f\u00fcr all das interessiert, ist hier genau richtig &#8211; ich freue mich auf euch!<\/p>\n\n\n\n<p><\/p>\n","protected":false},"excerpt":{"rendered":"<p>Hey ich bin Georg Hallo und willkommen auf meinem Blog! Mein Name ist Georg, ich bin seit einem Jahr verheiratet und stehe vor einem der gr\u00f6\u00dften Abenteuer meines Lebens: Meine Frau und ich erwarten bald unseren ersten Sohn. Mit diesem Blog m\u00f6chte ich einen Einblick in mein Leben und meine Leidenschaften geben &#8211; und vielleicht [&hellip;]<\/p>\n","protected":false},"author":1,"featured_media":0,"parent":0,"menu_order":0,"comment_status":"closed","ping_status":"closed","template":"","meta":{"footnotes":""},"class_list":["post-11","page","type-page","status-publish","hentry"],"_links":{"self":[{"href":"https:\/\/futuredad.de\/index.php?rest_route=\/wp\/v2\/pages\/11","targetHints":{"allow":["GET"]}}],"collection":[{"href":"https:\/\/futuredad.de\/index.php?rest_route=\/wp\/v2\/pages"}],"about":[{"href":"https:\/\/futuredad.de\/index.php?rest_route=\/wp\/v2\/types\/page"}],"author":[{"embeddable":true,"href":"https:\/\/futuredad.de\/index.php?rest_route=\/wp\/v2\/users\/1"}],"replies":[{"embeddable":true,"href":"https:\/\/futuredad.de\/index.php?rest_route=%2Fwp%2Fv2%2Fcomments&post=11"}],"version-history":[{"count":1,"href":"https:\/\/futuredad.de\/index.php?rest_route=\/wp\/v2\/pages\/11\/revisions"}],"predecessor-version":[{"id":13,"href":"https:\/\/futuredad.de\/index.php?rest_route=\/wp\/v2\/pages\/11\/revisions\/13"}],"wp:attachment":[{"href":"https:\/\/futuredad.de\/index.php?rest_route=%2Fwp%2Fv2%2Fmedia&parent=11"}],"curies":[{"name":"wp","href":"https:\/\/api.w.org\/{rel}","templated":true}]}}